{"id":201,"date":"2019-08-13T15:27:49","date_gmt":"2019-08-13T15:27:49","guid":{"rendered":"https:\/\/phox.whmcsdes.com\/startup\/?page_id=201"},"modified":"2024-09-23T07:51:58","modified_gmt":"2024-09-23T06:51:58","slug":"o-nas","status":"publish","type":"page","link":"https:\/\/elikor.pl\/index.php\/o-nas\/","title":{"rendered":"O nas"},"content":{"rendered":"\t\t<div data-elementor-type=\"wp-post\" data-elementor-id=\"201\" class=\"elementor elementor-201\">\n\t\t\t\t\t\t<section class=\"elementor-section elementor-top-section elementor-element elementor-element-04a4b6e static-padding-element elementor-section-boxed elementor-section-height-default elementor-section-height-default\" data-id=\"04a4b6e\" data-element_type=\"section\" data-e-type=\"section\" data-settings=\"{&quot;background_background&quot;:&quot;classic&quot;}\">\n\t\t\t\t\t\t\t<div class=\"elementor-background-overlay\"><\/div>\n\t\t\t\t\t\t\t<div class=\"elementor-container elementor-column-gap-default\">\n\t\t\t\t\t<div class=\"elementor-column elementor-col-100 elementor-top-column elementor-element elementor-element-8acb8e8\" data-id=\"8acb8e8\" data-element_type=\"column\" data-e-type=\"column\">\n\t\t\t<div class=\"elementor-widget-wrap elementor-element-populated\">\n\t\t\t\t\t\t<div class=\"elementor-element elementor-element-bb15161 elementor-widget elementor-widget-wdes-section-header-widget\" data-id=\"bb15161\" data-element_type=\"widget\" data-e-type=\"widget\" data-widget_type=\"wdes-section-header-widget.default\">\n\t\t\t\t<div class=\"elementor-widget-container\">\n\t\t\t\t\t<section class=\"widget-content wdes-widget-section-header\"><div class=\"wdes-widget-inner wdes-text-align-center \"><h1 class=\"wdes-section-header-primary\">Dowiedz si\u0119 o nas<\/h1><div class=\"wdes-section-header-description\">Dowiedz si\u0119 wi\u0119cej o naszej firmie<\/div><\/div><\/section>\t\t\t\t<\/div>\n\t\t\t\t<\/div>\n\t\t\t\t<div class=\"elementor-element elementor-element-de3209e elementor-align-left elementor-widget__width-auto elementor-widget elementor-widget-button\" data-id=\"de3209e\" data-element_type=\"widget\" data-e-type=\"widget\" data-widget_type=\"button.default\">\n\t\t\t\t<div class=\"elementor-widget-container\">\n\t\t\t\t\t\t\t\t\t<div class=\"elementor-button-wrapper\">\n\t\t\t\t\t<a class=\"elementor-button elementor-button-link elementor-size-sm\" href=\"#about\">\n\t\t\t\t\t\t<span class=\"elementor-button-content-wrapper\">\n\t\t\t\t\t\t\t\t\t<span class=\"elementor-button-text\">\u2193 Dowiedz si\u0119 wi\u0119cej \u2193<\/span>\n\t\t\t\t\t<\/span>\n\t\t\t\t\t<\/a>\n\t\t\t\t<\/div>\n\t\t\t\t\t\t\t\t<\/div>\n\t\t\t\t<\/div>\n\t\t\t\t\t<\/div>\n\t\t<\/div>\n\t\t\t\t\t<\/div>\n\t\t<\/section>\n\t\t\t\t<section class=\"elementor-section elementor-top-section elementor-element elementor-element-e369ba4 static-padding-element elementor-section-boxed elementor-section-height-default elementor-section-height-default\" data-id=\"e369ba4\" data-element_type=\"section\" data-e-type=\"section\">\n\t\t\t\t\t\t<div class=\"elementor-container elementor-column-gap-default\">\n\t\t\t\t\t<div class=\"elementor-column elementor-col-25 elementor-top-column elementor-element elementor-element-240c288\" data-id=\"240c288\" data-element_type=\"column\" data-e-type=\"column\">\n\t\t\t<div class=\"elementor-widget-wrap elementor-element-populated\">\n\t\t\t\t\t\t<div class=\"elementor-element elementor-element-9ff1d37 elementor-position-top elementor-widget elementor-widget-image-box\" data-id=\"9ff1d37\" data-element_type=\"widget\" data-e-type=\"widget\" data-widget_type=\"image-box.default\">\n\t\t\t\t<div class=\"elementor-widget-container\">\n\t\t\t\t\t<div class=\"elementor-image-box-wrapper\"><figure class=\"elementor-image-box-img\"><img decoding=\"async\" src=\"https:\/\/elikor.pl\/wp-content\/uploads\/elementor\/thumbs\/corn-cob-1-qj0m15cg83veqk6c3ynia2kyy99iycxt7eiklvk35s.png\" title=\"corn-cob (1)\" alt=\"corn-cob (1)\" loading=\"lazy\" \/><\/figure><div class=\"elementor-image-box-content\"><h3 class=\"elementor-image-box-title\">Materia\u0142 siewny<\/h3><p class=\"elementor-image-box-description\">Najwy\u017cszej jako\u015bci nasiona.<\/p><\/div><\/div>\t\t\t\t<\/div>\n\t\t\t\t<\/div>\n\t\t\t\t\t<\/div>\n\t\t<\/div>\n\t\t\t\t<div class=\"elementor-column elementor-col-25 elementor-top-column elementor-element elementor-element-e967fa1\" data-id=\"e967fa1\" data-element_type=\"column\" data-e-type=\"column\">\n\t\t\t<div class=\"elementor-widget-wrap elementor-element-populated\">\n\t\t\t\t\t\t<div class=\"elementor-element elementor-element-874e43d elementor-position-top elementor-widget elementor-widget-image-box\" data-id=\"874e43d\" data-element_type=\"widget\" data-e-type=\"widget\" data-widget_type=\"image-box.default\">\n\t\t\t\t<div class=\"elementor-widget-container\">\n\t\t\t\t\t<div class=\"elementor-image-box-wrapper\"><figure class=\"elementor-image-box-img\"><img decoding=\"async\" src=\"https:\/\/elikor.pl\/wp-content\/uploads\/elementor\/thumbs\/fertilizer-qj0m3nkyg7axp4j9h1noxft7z8wrhaw1jt56ofuakg.png\" title=\"fertilizer\" alt=\"fertilizer\" loading=\"lazy\" \/><\/figure><div class=\"elementor-image-box-content\"><h3 class=\"elementor-image-box-title\">Nawozy dolistne<\/h3><p class=\"elementor-image-box-description\">Wspomagaj\u0105ce plony nawozy.<\/p><\/div><\/div>\t\t\t\t<\/div>\n\t\t\t\t<\/div>\n\t\t\t\t\t<\/div>\n\t\t<\/div>\n\t\t\t\t<div class=\"elementor-column elementor-col-25 elementor-top-column elementor-element elementor-element-4d7ce73\" data-id=\"4d7ce73\" data-element_type=\"column\" data-e-type=\"column\">\n\t\t\t<div class=\"elementor-widget-wrap elementor-element-populated\">\n\t\t\t\t\t\t<div class=\"elementor-element elementor-element-00fecc3 elementor-position-top elementor-widget elementor-widget-image-box\" data-id=\"00fecc3\" data-element_type=\"widget\" data-e-type=\"widget\" data-widget_type=\"image-box.default\">\n\t\t\t\t<div class=\"elementor-widget-container\">\n\t\t\t\t\t<div class=\"elementor-image-box-wrapper\"><figure class=\"elementor-image-box-img\"><img decoding=\"async\" src=\"https:\/\/elikor.pl\/wp-content\/uploads\/elementor\/thumbs\/grass-qj0m7mgfb0qipurqarezgfra9tcjzan8rgazmhygao.png\" title=\"grass\" alt=\"grass\" loading=\"lazy\" \/><\/figure><div class=\"elementor-image-box-content\"><h3 class=\"elementor-image-box-title\">Mieszanki traw<\/h3><p class=\"elementor-image-box-description\">Trawy polskiego pochodzenia.<\/p><\/div><\/div>\t\t\t\t<\/div>\n\t\t\t\t<\/div>\n\t\t\t\t\t<\/div>\n\t\t<\/div>\n\t\t\t\t<div class=\"elementor-column elementor-col-25 elementor-top-column elementor-element elementor-element-af872ee\" data-id=\"af872ee\" data-element_type=\"column\" data-e-type=\"column\">\n\t\t\t<div class=\"elementor-widget-wrap elementor-element-populated\">\n\t\t\t\t\t\t<div class=\"elementor-element elementor-element-02930ae elementor-position-top elementor-widget elementor-widget-image-box\" data-id=\"02930ae\" data-element_type=\"widget\" data-e-type=\"widget\" data-widget_type=\"image-box.default\">\n\t\t\t\t<div class=\"elementor-widget-container\">\n\t\t\t\t\t<div class=\"elementor-image-box-wrapper\"><figure class=\"elementor-image-box-img\"><img decoding=\"async\" src=\"https:\/\/elikor.pl\/wp-content\/uploads\/elementor\/thumbs\/wohost-leader-qgnwvqj6aptn6idcdj3ls00hc8pzhzzfz9d9v3rb40.png\" title=\"wohost-leader\" alt=\"wohost-leader\" loading=\"lazy\" \/><\/figure><div class=\"elementor-image-box-content\"><h3 class=\"elementor-image-box-title\">Doradztwo<\/h3><p class=\"elementor-image-box-description\">Bezp\u0142atne doradztwo.<\/p><\/div><\/div>\t\t\t\t<\/div>\n\t\t\t\t<\/div>\n\t\t\t\t\t<\/div>\n\t\t<\/div>\n\t\t\t\t\t<\/div>\n\t\t<\/section>\n\t\t\t\t<section class=\"elementor-section elementor-top-section elementor-element elementor-element-2a5b614f elementor-section-boxed elementor-section-height-default elementor-section-height-default\" data-id=\"2a5b614f\" data-element_type=\"section\" data-e-type=\"section\" id=\"about\">\n\t\t\t\t\t\t<div class=\"elementor-container elementor-column-gap-default\">\n\t\t\t\t\t<div class=\"elementor-column elementor-col-50 elementor-top-column elementor-element elementor-element-4e5f7424\" data-id=\"4e5f7424\" data-element_type=\"column\" data-e-type=\"column\">\n\t\t\t<div class=\"elementor-widget-wrap elementor-element-populated\">\n\t\t\t\t\t\t<div class=\"elementor-element elementor-element-5f849921 elementor-widget elementor-widget-image\" data-id=\"5f849921\" data-element_type=\"widget\" data-e-type=\"widget\" data-widget_type=\"image.default\">\n\t\t\t\t<div class=\"elementor-widget-container\">\n\t\t\t\t\t\t\t\t\t\t\t\t\t\t\t<img decoding=\"async\" src=\"https:\/\/elikor.pl\/wp-content\/uploads\/elementor\/thumbs\/DSC4629-qj0oe5v69q9x3g2ggqbeo3i380b8mmoujsk36ikyui.jpg\" title=\"DSC4629\" alt=\"DSC4629\" loading=\"lazy\" \/>\t\t\t\t\t\t\t\t\t\t\t\t\t\t\t<\/div>\n\t\t\t\t<\/div>\n\t\t\t\t<div class=\"elementor-element elementor-element-2c14f722 elementor-absolute elementor-hidden-phone elementor-view-default elementor-widget elementor-widget-icon\" data-id=\"2c14f722\" data-element_type=\"widget\" data-e-type=\"widget\" data-settings=\"{&quot;_position&quot;:&quot;absolute&quot;}\" data-widget_type=\"icon.default\">\n\t\t\t\t<div class=\"elementor-widget-container\">\n\t\t\t\t\t\t\t<div class=\"elementor-icon-wrapper\">\n\t\t\t<div class=\"elementor-icon\">\n\t\t\t<svg aria-hidden=\"true\" class=\"e-font-icon-svg e-fas-square-full\" viewBox=\"0 0 512 512\" xmlns=\"http:\/\/www.w3.org\/2000\/svg\"><path d=\"M512 512H0V0h512v512z\"><\/path><\/svg>\t\t\t<\/div>\n\t\t<\/div>\n\t\t\t\t\t\t<\/div>\n\t\t\t\t<\/div>\n\t\t\t\t\t<\/div>\n\t\t<\/div>\n\t\t\t\t<div class=\"elementor-column elementor-col-50 elementor-top-column elementor-element elementor-element-798e958d\" data-id=\"798e958d\" data-element_type=\"column\" data-e-type=\"column\">\n\t\t\t<div class=\"elementor-widget-wrap elementor-element-populated\">\n\t\t\t\t\t\t<div class=\"elementor-element elementor-element-9b24bb9 elementor-widget elementor-widget-image-box\" data-id=\"9b24bb9\" data-element_type=\"widget\" data-e-type=\"widget\" data-widget_type=\"image-box.default\">\n\t\t\t\t<div class=\"elementor-widget-container\">\n\t\t\t\t\t<div class=\"elementor-image-box-wrapper\"><div class=\"elementor-image-box-content\"><p class=\"elementor-image-box-description\"><p style=\"margin: 10px 0px 18px;padding: 0px;border: 0px;font-size: 15px;vertical-align: baseline;line-height: 21px;font-family: Arial;font-weight: 400\">Firma \u201eElikor\u201d dzia\u0142a na rynku rolniczym&nbsp;<b style=\"margin: 0px;padding: 0px;border: 0px;vertical-align: baseline\">od 1995 roku<\/b>. Nasz\u0105 ofert\u0119 kierujemy zar\u00f3wno do klient\u00f3w indywidualnych, przedsi\u0119biorstw rolnych, jak i du\u017cych firm i hurtowni o profilu rolniczym.<\/p><p style=\"margin-right: 0px;margin-bottom: 18px;margin-left: 0px;padding: 0px;border: 0px;font-size: 15px;vertical-align: baseline;line-height: 21px;font-family: Arial;font-weight: 400\">Pocz\u0105tkowo zajmowali\u015bmy si\u0119 wy\u0142\u0105cznie sprzeda\u017c\u0105 materia\u0142u siewnego kukurydzy KWS, z czasem poszerzaj\u0105c ofert\u0119 na rzecz zaopatrzenia rolnictwa w \u015brodki produkcji (materia\u0142 siewny innych ro\u015blin, nawozy mineralne, pasze, produkcj\u0119 polow\u0105, us\u0142ugi)<br>Dysponujemy silosami i magazynami o \u0142\u0105cznej pojemno\u015bci 12000 ton, kilkoma zestawami transportowymi do przewozu materia\u0142\u00f3w sypkich i materia\u0142u siewnego.<br>Wsp\u00f3\u0142pracuj\u0105cy z nami producenci rolni mog\u0105 liczy\u0107 na profesjonaln\u0105 obs\u0142ug\u0119, bezp\u0142atne doradztwo, skup surowca w dobrej cenie, jak r\u00f3wnie\u017c rozliczenie w barterze.<\/p><p style=\"margin-right: 0px;margin-bottom: 18px;margin-left: 0px;padding: 0px;border: 0px;font-size: 15px;vertical-align: baseline;line-height: 21px;font-family: Arial;font-weight: 400\">W 2011 roku powsta\u0142a nowa firma Elikor Sp. z o.o.&nbsp; ukierunkowana na sprzeda\u017c materia\u0142u siewnego KWS, nawoz\u00f3w dolistnych FMC (Cheminova), mieszanek traw Sowul&amp; Sowul , produkcj\u0119 materia\u0142u siewnego pszenic ozimych i jarych oraz doradztwo rolnicze.<\/p><span style=\"font-family: Arial;font-size: 15px\">Nasz\u0105 kadr\u0119 stanowi\u0105 wysokiej klasy specjali\u015bci z zakresu uprawy ro\u015blin, ch\u0119tnie dziel\u0105cy si\u0119 posiadan\u0105 wiedz\u0105 i do\u015bwiadczeniem.<\/span><\/p><\/div><\/div>\t\t\t\t<\/div>\n\t\t\t\t<\/div>\n\t\t\t\t\t<\/div>\n\t\t<\/div>\n\t\t\t\t\t<\/div>\n\t\t<\/section>\n\t\t\t\t<section class=\"elementor-section elementor-top-section elementor-element elementor-element-cd41967 elementor-section-boxed elementor-section-height-default elementor-section-height-default\" data-id=\"cd41967\" data-element_type=\"section\" data-e-type=\"section\" data-settings=\"{&quot;background_background&quot;:&quot;classic&quot;}\">\n\t\t\t\t\t\t<div class=\"elementor-container elementor-column-gap-default\">\n\t\t\t\t\t<div class=\"elementor-column elementor-col-20 elementor-top-column elementor-element elementor-element-5ed0a4b\" data-id=\"5ed0a4b\" data-element_type=\"column\" data-e-type=\"column\">\n\t\t\t<div class=\"elementor-widget-wrap\">\n\t\t\t\t\t\t\t<\/div>\n\t\t<\/div>\n\t\t\t\t<div class=\"elementor-column elementor-col-20 elementor-top-column elementor-element elementor-element-3aeea03\" data-id=\"3aeea03\" data-element_type=\"column\" data-e-type=\"column\">\n\t\t\t<div class=\"elementor-widget-wrap elementor-element-populated\">\n\t\t\t\t\t\t<div class=\"elementor-element elementor-element-7869cdd elementor-widget elementor-widget-image\" data-id=\"7869cdd\" data-element_type=\"widget\" data-e-type=\"widget\" data-widget_type=\"image.default\">\n\t\t\t\t<div class=\"elementor-widget-container\">\n\t\t\t\t\t\t\t\t\t\t\t\t\t\t\t<img decoding=\"async\" src=\"https:\/\/elikor.pl\/wp-content\/uploads\/elementor\/thumbs\/1280px-FMC_Corporation_logo.svg-qj0n9wftm54zlimznisjp7717gdhoqzz7lsdkqiakg.png\" title=\"1280px-FMC_Corporation_logo.svg\" alt=\"1280px-FMC_Corporation_logo.svg\" class=\"elementor-animation-grow-rotate\" loading=\"lazy\" \/>\t\t\t\t\t\t\t\t\t\t\t\t\t\t\t<\/div>\n\t\t\t\t<\/div>\n\t\t\t\t\t<\/div>\n\t\t<\/div>\n\t\t\t\t<div class=\"elementor-column elementor-col-20 elementor-top-column elementor-element elementor-element-47b09df\" data-id=\"47b09df\" data-element_type=\"column\" data-e-type=\"column\">\n\t\t\t<div class=\"elementor-widget-wrap elementor-element-populated\">\n\t\t\t\t\t\t<div class=\"elementor-element elementor-element-9172443 elementor-widget elementor-widget-image\" data-id=\"9172443\" data-element_type=\"widget\" data-e-type=\"widget\" data-widget_type=\"image.default\">\n\t\t\t\t<div class=\"elementor-widget-container\">\n\t\t\t\t\t\t\t\t\t\t\t\t\t\t\t<img decoding=\"async\" src=\"https:\/\/elikor.pl\/wp-content\/uploads\/elementor\/thumbs\/kws-saat-se-logo-vector-qj0nd6vhj9n48duyfxzjfdb4205qmm25nvzk1lmosg.png\" title=\"kws-saat-se-logo-vector\" alt=\"kws-saat-se-logo-vector\" class=\"elementor-animation-grow-rotate\" loading=\"lazy\" \/>\t\t\t\t\t\t\t\t\t\t\t\t\t\t\t<\/div>\n\t\t\t\t<\/div>\n\t\t\t\t\t<\/div>\n\t\t<\/div>\n\t\t\t\t<div class=\"elementor-column elementor-col-20 elementor-top-column elementor-element elementor-element-37b79bc\" data-id=\"37b79bc\" data-element_type=\"column\" data-e-type=\"column\">\n\t\t\t<div class=\"elementor-widget-wrap elementor-element-populated\">\n\t\t\t\t\t\t<div class=\"elementor-element elementor-element-c87a3d1 elementor-widget elementor-widget-image\" data-id=\"c87a3d1\" data-element_type=\"widget\" data-e-type=\"widget\" data-widget_type=\"image.default\">\n\t\t\t\t<div class=\"elementor-widget-container\">\n\t\t\t\t\t\t\t\t\t\t\t\t\t\t\t<img decoding=\"async\" src=\"https:\/\/elikor.pl\/wp-content\/uploads\/elementor\/thumbs\/pobrane-qj0nb5k2q6ur2stgc2an0vt5py73y7z3dt3om0ne9s.png\" title=\"pobrane\" alt=\"pobrane\" class=\"elementor-animation-grow-rotate\" loading=\"lazy\" \/>\t\t\t\t\t\t\t\t\t\t\t\t\t\t\t<\/div>\n\t\t\t\t<\/div>\n\t\t\t\t\t<\/div>\n\t\t<\/div>\n\t\t\t\t<div class=\"elementor-column elementor-col-20 elementor-top-column elementor-element elementor-element-11c264a\" data-id=\"11c264a\" data-element_type=\"column\" data-e-type=\"column\">\n\t\t\t<div class=\"elementor-widget-wrap\">\n\t\t\t\t\t\t\t<\/div>\n\t\t<\/div>\n\t\t\t\t\t<\/div>\n\t\t<\/section>\n\t\t\t\t<section class=\"elementor-section elementor-top-section elementor-element elementor-element-7b58868 static-padding-element elementor-section-boxed elementor-section-height-default elementor-section-height-default\" data-id=\"7b58868\" data-element_type=\"section\" data-e-type=\"section\" data-settings=\"{&quot;background_background&quot;:&quot;classic&quot;}\">\n\t\t\t\t\t\t\t<div class=\"elementor-background-overlay\"><\/div>\n\t\t\t\t\t\t\t<div class=\"elementor-container elementor-column-gap-default\">\n\t\t\t\t\t<div class=\"elementor-column elementor-col-100 elementor-top-column elementor-element elementor-element-4aa3f5e\" data-id=\"4aa3f5e\" data-element_type=\"column\" data-e-type=\"column\" data-settings=\"{&quot;background_background&quot;:&quot;classic&quot;}\">\n\t\t\t<div class=\"elementor-widget-wrap elementor-element-populated\">\n\t\t\t\t\t\t<section class=\"elementor-section elementor-inner-section elementor-element elementor-element-b2cc2a5 elementor-section-boxed elementor-section-height-default elementor-section-height-default\" data-id=\"b2cc2a5\" data-element_type=\"section\" data-e-type=\"section\">\n\t\t\t\t\t\t<div class=\"elementor-container elementor-column-gap-default\">\n\t\t\t\t\t<div class=\"elementor-column elementor-col-50 elementor-inner-column elementor-element elementor-element-798666e\" data-id=\"798666e\" data-element_type=\"column\" data-e-type=\"column\">\n\t\t\t<div class=\"elementor-widget-wrap elementor-element-populated\">\n\t\t\t\t\t\t<div class=\"elementor-element elementor-element-9911013 elementor-widget elementor-widget-wdes-section-header-widget\" data-id=\"9911013\" data-element_type=\"widget\" data-e-type=\"widget\" data-widget_type=\"wdes-section-header-widget.default\">\n\t\t\t\t<div class=\"elementor-widget-container\">\n\t\t\t\t\t<section class=\"widget-content wdes-widget-section-header\"><div class=\"wdes-widget-inner wdes-text-align-left \"><h3 class=\"wdes-section-header-primary\">Zainteresowa\u0142a ci\u0119 nasza firma?<\/h3><div class=\"wdes-section-header-description\"><p>Skontaktuj si\u0119 z nami, a dobierzemy odpowiedni\u0105 ofert\u0119 do Twoich potrzeb!<\/p><\/div><\/div><\/section>\t\t\t\t<\/div>\n\t\t\t\t<\/div>\n\t\t\t\t\t<\/div>\n\t\t<\/div>\n\t\t\t\t<div class=\"elementor-column elementor-col-50 elementor-inner-column elementor-element elementor-element-0b3d1d8\" data-id=\"0b3d1d8\" data-element_type=\"column\" data-e-type=\"column\">\n\t\t\t<div class=\"elementor-widget-wrap elementor-element-populated\">\n\t\t\t\t\t\t<div class=\"elementor-element elementor-element-9fd5740 elementor-align-right elementor-widget__width-auto elementor-mobile-align-center elementor-widget elementor-widget-button\" data-id=\"9fd5740\" data-element_type=\"widget\" data-e-type=\"widget\" data-widget_type=\"button.default\">\n\t\t\t\t<div class=\"elementor-widget-container\">\n\t\t\t\t\t\t\t\t\t<div class=\"elementor-button-wrapper\">\n\t\t\t\t\t<a class=\"elementor-button elementor-button-link elementor-size-sm elementor-animation-shrink\" href=\"\/index.php\/kontakt\">\n\t\t\t\t\t\t<span class=\"elementor-button-content-wrapper\">\n\t\t\t\t\t\t<span class=\"elementor-button-icon\">\n\t\t\t\t<svg aria-hidden=\"true\" class=\"e-font-icon-svg e-fas-angle-right\" viewBox=\"0 0 256 512\" xmlns=\"http:\/\/www.w3.org\/2000\/svg\"><path d=\"M224.3 273l-136 136c-9.4 9.4-24.6 9.4-33.9 0l-22.6-22.6c-9.4-9.4-9.4-24.6 0-33.9l96.4-96.4-96.4-96.4c-9.4-9.4-9.4-24.6 0-33.9L54.3 103c9.4-9.4 24.6-9.4 33.9 0l136 136c9.5 9.4 9.5 24.6.1 34z\"><\/path><\/svg>\t\t\t<\/span>\n\t\t\t\t\t\t\t\t\t<span class=\"elementor-button-text\">Kontakt<\/span>\n\t\t\t\t\t<\/span>\n\t\t\t\t\t<\/a>\n\t\t\t\t<\/div>\n\t\t\t\t\t\t\t\t<\/div>\n\t\t\t\t<\/div>\n\t\t\t\t\t<\/div>\n\t\t<\/div>\n\t\t\t\t\t<\/div>\n\t\t<\/section>\n\t\t\t\t\t<\/div>\n\t\t<\/div>\n\t\t\t\t\t<\/div>\n\t\t<\/section>\n\t\t\t\t<\/div>\n\t\t","protected":false},"excerpt":{"rendered":"<p>Dowiedz si\u0119 o nas Dowiedz si\u0119 wi\u0119cej o naszej firmie \u2193 Dowiedz si\u0119 wi\u0119cej \u2193 Materia\u0142 siewny Najwy\u017cszej jako\u015bci nasiona. Nawozy dolistne Wspomagaj\u0105ce plony nawozy. Mieszanki traw Trawy polskiego pochodzenia. Doradztwo Bezp\u0142atne doradztwo. Firma \u201eElikor\u201d dzia\u0142a na rynku rolniczym&nbsp;od 1995 roku. Nasz\u0105 ofert\u0119 kierujemy zar\u00f3wno do klient\u00f3w indywidualnych, przedsi\u0119biorstw rolnych, jak i du\u017cych firm i [&hellip;]<\/p>\n","protected":false},"author":1,"featured_media":0,"parent":0,"menu_order":7,"comment_status":"closed","ping_status":"closed","template":"","meta":{"_monsterinsights_skip_tracking":false,"_monsterinsights_sitenote_active":false,"_monsterinsights_sitenote_note":"","_monsterinsights_sitenote_category":0,"_themeisle_gutenberg_block_has_review":false,"footnotes":""},"class_list":["post-201","page","type-page","status-publish","hentry"],"aioseo_notices":[],"_links":{"self":[{"href":"https:\/\/elikor.pl\/index.php\/wp-json\/wp\/v2\/pages\/201","targetHints":{"allow":["GET"]}}],"collection":[{"href":"https:\/\/elikor.pl\/index.php\/wp-json\/wp\/v2\/pages"}],"about":[{"href":"https:\/\/elikor.pl\/index.php\/wp-json\/wp\/v2\/types\/page"}],"author":[{"embeddable":true,"href":"https:\/\/elikor.pl\/index.php\/wp-json\/wp\/v2\/users\/1"}],"replies":[{"embeddable":true,"href":"https:\/\/elikor.pl\/index.php\/wp-json\/wp\/v2\/comments?post=201"}],"version-history":[{"count":45,"href":"https:\/\/elikor.pl\/index.php\/wp-json\/wp\/v2\/pages\/201\/revisions"}],"predecessor-version":[{"id":1811,"href":"https:\/\/elikor.pl\/index.php\/wp-json\/wp\/v2\/pages\/201\/revisions\/1811"}],"wp:attachment":[{"href":"https:\/\/elikor.pl\/index.php\/wp-json\/wp\/v2\/media?parent=201"}],"curies":[{"name":"wp","href":"https:\/\/api.w.org\/{rel}","templated":true}]}}